{"id":9,"date":"2019-10-08T17:34:00","date_gmt":"2019-10-08T17:34:00","guid":{"rendered":"http:\/\/miplancelular.mx\/?page_id=9"},"modified":"2020-06-24T19:16:48","modified_gmt":"2020-06-24T19:16:48","slug":"about","status":"publish","type":"page","link":"https:\/\/miplancelular.mx\/index.php\/about\/","title":{"rendered":"Nuestros Servicios"},"content":{"rendered":"\n<p>Somos una empresa dedicada a ofrecer soluciones integrales de telefon\u00eda celular resaltando principalmente;<\/p>\n\n\n\n<p><strong>Asesor\u00eda para contrataci\u00f3n y renovaci\u00f3n de planes Telcel.<\/strong><\/p>\n\n\n\n<p><strong>Servicio T\u00e9cnico Especializado.<\/strong><\/p>\n\n\n\n<p><strong>Venta de Amigo Kit de Telcel y accesorios celulares.<\/strong><\/p>\n","protected":false},"excerpt":{"rendered":"<p>Somos una empresa dedicada a ofrecer soluciones integrales de telefon\u00eda celular resaltando principalmente; Asesor\u00eda para contrataci\u00f3n y renovaci\u00f3n de planes Telcel. Servicio T\u00e9cnico Especializado. Venta de Amigo Kit de Telcel<\/p>\n<p class=\"more-link\"><a href=\"https:\/\/miplancelular.mx\/index.php\/about\/\" class=\"readmore\">Continue reading<span class=\"screen-reader-text\">Nuestros Servicios<\/span><\/a><\/p>\n","protected":false},"author":1,"featured_media":0,"parent":0,"menu_order":0,"comment_status":"closed","ping_status":"closed","template":"","meta":{"footnotes":""},"class_list":["post-9","page","type-page","status-publish","hentry"],"_links":{"self":[{"href":"https:\/\/miplancelular.mx\/index.php\/wp-json\/wp\/v2\/pages\/9","targetHints":{"allow":["GET"]}}],"collection":[{"href":"https:\/\/miplancelular.mx\/index.php\/wp-json\/wp\/v2\/pages"}],"about":[{"href":"https:\/\/miplancelular.mx\/index.php\/wp-json\/wp\/v2\/types\/page"}],"author":[{"embeddable":true,"href":"https:\/\/miplancelular.mx\/index.php\/wp-json\/wp\/v2\/users\/1"}],"replies":[{"embeddable":true,"href":"https:\/\/miplancelular.mx\/index.php\/wp-json\/wp\/v2\/comments?post=9"}],"version-history":[{"count":5,"href":"https:\/\/miplancelular.mx\/index.php\/wp-json\/wp\/v2\/pages\/9\/revisions"}],"predecessor-version":[{"id":149,"href":"https:\/\/miplancelular.mx\/index.php\/wp-json\/wp\/v2\/pages\/9\/revisions\/149"}],"wp:attachment":[{"href":"https:\/\/miplancelular.mx\/index.php\/wp-json\/wp\/v2\/media?parent=9"}],"curies":[{"name":"wp","href":"https:\/\/api.w.org\/{rel}","templated":true}]}}