{"id":10,"date":"2019-10-08T17:34:00","date_gmt":"2019-10-08T17:34:00","guid":{"rendered":"http:\/\/miplancelular.mx\/?page_id=10"},"modified":"2020-06-24T19:23:28","modified_gmt":"2020-06-24T19:23:28","slug":"contact","status":"publish","type":"page","link":"https:\/\/miplancelular.mx\/index.php\/contact\/","title":{"rendered":"Contacto"},"content":{"rendered":"\n<p>Si deseas contratar o renovar un Plan de renta mensual Telcel env\u00edanos un correo a ventas@miplancelula.mx y un asesor especializado se pondr\u00e1 en contacto contigo para brindarte toda la informaci\u00f3n que requieras.<\/p>\n","protected":false},"excerpt":{"rendered":"<p>Si deseas contratar o renovar un Plan de renta mensual Telcel env\u00edanos un correo a ventas@miplancelula.mx y un asesor especializado se pondr\u00e1 en contacto contigo para brindarte toda la informaci\u00f3n<\/p>\n<p class=\"more-link\"><a href=\"https:\/\/miplancelular.mx\/index.php\/contact\/\" class=\"readmore\">Continue reading<span class=\"screen-reader-text\">Contacto<\/span><\/a><\/p>\n","protected":false},"author":1,"featured_media":0,"parent":0,"menu_order":0,"comment_status":"closed","ping_status":"closed","template":"","meta":{"footnotes":""},"class_list":["post-10","page","type-page","status-publish","hentry"],"_links":{"self":[{"href":"https:\/\/miplancelular.mx\/index.php\/wp-json\/wp\/v2\/pages\/10","targetHints":{"allow":["GET"]}}],"collection":[{"href":"https:\/\/miplancelular.mx\/index.php\/wp-json\/wp\/v2\/pages"}],"about":[{"href":"https:\/\/miplancelular.mx\/index.php\/wp-json\/wp\/v2\/types\/page"}],"author":[{"embeddable":true,"href":"https:\/\/miplancelular.mx\/index.php\/wp-json\/wp\/v2\/users\/1"}],"replies":[{"embeddable":true,"href":"https:\/\/miplancelular.mx\/index.php\/wp-json\/wp\/v2\/comments?post=10"}],"version-history":[{"count":2,"href":"https:\/\/miplancelular.mx\/index.php\/wp-json\/wp\/v2\/pages\/10\/revisions"}],"predecessor-version":[{"id":134,"href":"https:\/\/miplancelular.mx\/index.php\/wp-json\/wp\/v2\/pages\/10\/revisions\/134"}],"wp:attachment":[{"href":"https:\/\/miplancelular.mx\/index.php\/wp-json\/wp\/v2\/media?parent=10"}],"curies":[{"name":"wp","href":"https:\/\/api.w.org\/{rel}","templated":true}]}}